{"id":19868,"date":"2025-05-20T12:23:46","date_gmt":"2025-05-20T10:23:46","guid":{"rendered":"https:\/\/baumev.de\/digitalisierung\/"},"modified":"2026-04-14T11:41:38","modified_gmt":"2026-04-14T09:41:38","slug":"digitalisierung","status":"publish","type":"page","link":"https:\/\/baumev.de\/en\/digitalisierung\/","title":{"rendered":"Digitalisation"},"content":{"rendered":"<p>[et_pb_section fb_built=&#8221;1&#8243; admin_label=&#8221;Zukunftsthema&#8221; module_class=&#8221;ellipse verlauf opener iconify&#8221; _builder_version=&#8221;4.27.4&#8243; _module_preset=&#8221;default&#8221; global_colors_info=&#8221;{}&#8221;][et_pb_row module_class=&#8221;ellipse&#8221; _builder_version=&#8221;4.27.4&#8243; _module_preset=&#8221;default&#8221; global_colors_info=&#8221;{}&#8221;][et_pb_column type=&#8221;4_4&#8243; _builder_version=&#8221;4.27.4&#8243; _module_preset=&#8221;default&#8221; global_colors_info=&#8221;{}&#8221;][et_pb_blurb image=&#8221;https:\/\/baumev.de\/wp-content\/uploads\/\/2025\/04\/digitalisierung.svg&#8221; _builder_version=&#8221;4.27.4&#8243; _module_preset=&#8221;default&#8221; global_colors_info=&#8221;{}&#8221;]<\/p>\n<h1>Digitalisation<\/h1>\n<h2>BAUM positions digitalisation as the key to the sustainable transformation of the economy and society.<\/h2>\n<p>[\/et_pb_blurb][\/et_pb_column][\/et_pb_row][\/et_pb_section][et_pb_section fb_built=&#8221;1&#8243; admin_label=&#8221;Teaser&#8221; _builder_version=&#8221;4.27.4&#8243; _module_preset=&#8221;default&#8221; global_colors_info=&#8221;{}&#8221;][et_pb_row column_structure=&#8221;2_5,3_5&#8243; _builder_version=&#8221;4.27.4&#8243; _module_preset=&#8221;default&#8221; global_colors_info=&#8221;{}&#8221;][et_pb_column type=&#8221;2_5&#8243; _builder_version=&#8221;4.27.4&#8243; _module_preset=&#8221;default&#8221; global_colors_info=&#8221;{}&#8221;][et_pb_image src=&#8221;https:\/\/baumev.de\/wp-content\/uploads\/2025\/08\/iStock-1637385979b.jpg&#8221; alt=&#8221;Engineering training with robotic arm&#8221; title_text=&#8221;Digitalisation&#8221; module_class=&#8221;vierdrei&#8221; _builder_version=&#8221;4.27.4&#8243; _module_preset=&#8221;default&#8221; hover_enabled=&#8221;0&#8243; global_colors_info=&#8221;{}&#8221; sticky_enabled=&#8221;0&#8243;][\/et_pb_image][\/et_pb_column][et_pb_column type=&#8221;3_5&#8243; _builder_version=&#8221;4.27.4&#8243; _module_preset=&#8221;default&#8221; global_colors_info=&#8221;{}&#8221;][et_pb_text admin_label=&#8221;Teaser&#8221; _builder_version=&#8221;4.27.4&#8243; _module_preset=&#8221;7344113a-bbfa-4999-86ab-4b2ad1d989bf&#8221; global_colors_info=&#8221;{}&#8221;]A liveable future, planetary boundaries \u2013 remarkable progress is being made worldwide in the right direction. However, this issue needs much greater momentum. Digitalisation offers enormous opportunities to transform the economy and society in a sustainable way. At the same time, it harbours risks that must not be ignored.[\/et_pb_text][et_pb_text _builder_version=&#8221;4.27.4&#8243; _module_preset=&#8221;default&#8221; global_colors_info=&#8221;{}&#8221;]The aim is to recognise the tremendous opportunities available now and to make digitalisation the best tool for a future worth living: a solution to environmental, social and ethical issues \u2013 one that is economically valuable. BAUM is addressing this key issue of the future in strategic collaboration with Charta digitale Vernetzung.[\/et_pb_text][\/et_pb_column][\/et_pb_row][\/et_pb_section][et_pb_section fb_built=&#8221;1&#8243; admin_label=&#8221;Sektion News&#8221; _builder_version=&#8221;4.27.4&#8243; _module_preset=&#8221;default&#8221; background_color=&#8221;#E2E8F0&#8243; custom_margin=&#8221;||||false|false&#8221; custom_padding=&#8221;||||false|false&#8221; global_colors_info=&#8221;{}&#8221;][et_pb_row admin_label=&#8221;Line&#8221; _builder_version=&#8221;4.27.4&#8243; _module_preset=&#8221;default&#8221; custom_padding=&#8221;0px||||false|false&#8221; locked=&#8221;off&#8221; global_colors_info=&#8221;{}&#8221;][et_pb_column type=&#8221;4_4&#8243; _builder_version=&#8221;4.27.4&#8243; _module_preset=&#8221;default&#8221; global_colors_info=&#8221;{}&#8221;][et_pb_text admin_label=&#8221;News (\u00dcberschrift)&#8221; _builder_version=&#8221;4.27.4&#8243; _module_preset=&#8221;79c7b2af-852f-4e41-b02d-4e5454c7f36e&#8221; global_colors_info=&#8221;{}&#8221;]<\/p>\n<h2>News<\/h2>\n<p>[\/et_pb_text][et_pb_blog fullwidth=&#8221;on&#8221; posts_number=&#8221;3&#8243; include_categories=&#8221;14&#8243; meta_date=&#8221;j. M Y&#8221; module_class=&#8221;sechszehnneun dreispaltig kachel&#8221; _builder_version=&#8221;4.27.4&#8243; _module_preset=&#8221;default&#8221; global_colors_info=&#8221;{}&#8221;][\/et_pb_blog][et_pb_button button_url=&#8221;https:\/\/baumev.de\/en\/category\/digitalisation\/&#8221; button_text=&#8221;More news&#8221; admin_label=&#8221;Button Weitere News&#8221; _builder_version=&#8221;4.27.4&#8243; _module_preset=&#8221;default&#8221; global_colors_info=&#8221;{}&#8221;][\/et_pb_button][\/et_pb_column][\/et_pb_row][\/et_pb_section][et_pb_section fb_built=&#8221;1&#8243; admin_label=&#8221;Sektion Projekte&#8221; module_id=&#8221;projects&#8221; _builder_version=&#8221;4.27.4&#8243; _module_preset=&#8221;default&#8221; custom_padding=&#8221;||||false|false&#8221; collapsed=&#8221;off&#8221; global_colors_info=&#8221;{}&#8221;][et_pb_row _builder_version=&#8221;4.27.4&#8243; _module_preset=&#8221;default&#8221; custom_padding=&#8221;||||false|false&#8221; global_colors_info=&#8221;{}&#8221;][et_pb_column type=&#8221;4_4&#8243; _builder_version=&#8221;4.27.4&#8243; _module_preset=&#8221;default&#8221; global_colors_info=&#8221;{}&#8221;][et_pb_text admin_label=&#8221;Aktivit\u00e4ten (\u00dcberschrift)&#8221; _builder_version=&#8221;4.27.4&#8243; _module_preset=&#8221;79c7b2af-852f-4e41-b02d-4e5454c7f36e&#8221; global_colors_info=&#8221;{}&#8221;]<\/p>\n<h2>Activities<\/h2>\n<p>[\/et_pb_text][et_pb_text admin_label=&#8221;Teaser \/ Aktivit\u00e4ten (automatisch aus Child-Pages, Titel + Beitragsbild + Auszug)&#8221; module_class=&#8221;zweispaltig&#8221; _builder_version=&#8221;4.27.4&#8243; _module_preset=&#8221;default&#8221; locked=&#8221;off&#8221; global_colors_info=&#8221;{}&#8221;]<\/p>\n\n<p>[\/et_pb_text][\/et_pb_column][\/et_pb_row][\/et_pb_section][et_pb_section fb_built=&#8221;1&#8243; admin_label=&#8221;Sektion Events&#8221; module_class=&#8221;events&#8221; _builder_version=&#8221;4.27.4&#8243; _module_preset=&#8221;default&#8221; background_color=&#8221;#E2E8F0&#8243; custom_margin=&#8221;||||false|false&#8221; custom_padding=&#8221;||||false|false&#8221; global_colors_info=&#8221;{}&#8221;][et_pb_row admin_label=&#8221;Line&#8221; _builder_version=&#8221;4.27.4&#8243; _module_preset=&#8221;default&#8221; custom_padding=&#8221;0px||||false|false&#8221; global_colors_info=&#8221;{}&#8221;][et_pb_column type=&#8221;4_4&#8243; _builder_version=&#8221;4.27.4&#8243; _module_preset=&#8221;default&#8221; global_colors_info=&#8221;{}&#8221;][et_pb_code admin_label=&#8221;Digital BAUM Events&#8221; _builder_version=&#8221;4.27.4&#8243; _module_preset=&#8221;default&#8221; global_colors_info=&#8221;{}&#8221;]    <style> \n        .bei_year {\n            color:#14406E;\n        }\n\n        .baum-event-img {\n            width:100%; max-width:100%; margin-bottom:1rem; aspect-ratio: 16\/9; object-fit:cover;\n        }\n\n        .baum-event {\n            flex:1 1 300px;display:flex;flex-direction:column;gap:0;border:1px solid #ddd;  background:#fff; max-width:444px;\n        }\n\n        .baum-event-meta {\n            font-size:0.9rem; color:#555; margin: 0 1rem;\n        }\n\n        .baum-event-org {\n            flex-grow:1;font-size:1rem; margin:0 1rem;\n        }\n\n        .baum-events-wrap {\n            display:flex; flex-wrap:wrap; gap:2rem; margin:2rem 0;\n        }\n\n        .baum-description {\n            margin: 0 1rem 1rem;font-size:0.9rem;line-height:1.2rem;font-weight:300;\n        }\n\n        .baum-event h3 {\n            margin: 1rem; font-size:1.2rem;\n        }\n        \n    <\/style>\n    <!-- FILTER -->\n    <h2>Events<\/h2>    <div class=\"baum-events-wrap\" >\n                    <div class=\"baum-event\">\n                <div style=\"font-size:1.5rem;margin: 1rem;font-weight:700;\">\n                    <time datetime=\"2026-04-16\">16. April <span class=\"bei_year\">2026<\/span><\/time>                <\/div>\n                <a href=\"\/event\/2026_04_16_nur-noch-6-monate-sind-ihre-umweltaussagen-empco-sicher\">\n                                    <img decoding=\"async\" src=\"https:\/\/minio-api.kube.intuitive-ai.de\/baum\/998dafdb96c58b7585b585d153edc96c_Screenshot_2026_03_26_181243.jpg\" class=\"baum-event-img\" alt=\"Nur noch 6 Monate: Sind Ihre Umweltaussagen EmpCo-sicher?\">\n                                <\/a>\n\n                <div class=\"baum-event-meta\">\n                                                    <span style=\"margin-right: 2rem;\"><svg viewBox=\"0 0 24 24\" focusable=\"false\" style=\"width:0.9rem;height:0.9rem;\"><g><path fill=\"none\" d=\"M0 0h24v24H0z\"><\/path><path fill=\"currentColor\" d=\"M12 22C6.477 22 2 17.523 2 12S6.477 2 12 2s10 4.477 10 10-4.477 10-10 10zm0-2a8 8 0 1 0 0-16 8 8 0 0 0 0 16zm1-8h4v2h-6V7h2v5z\"><\/path><\/g><\/svg> 11:30<\/span>\n                                                <svg viewBox=\"0 0 24 24\" focusable=\"false\" style=\"width:0.9rem;height:0.9rem;\"><g><path fill=\"none\" d=\"M0 0h24v24H0z\"><\/path><path fill=\"currentColor\" d=\"M12 23.728l-6.364-6.364a9 9 0 1 1 12.728 0L12 23.728zm4.95-7.778a7 7 0 1 0-9.9 0L12 20.9l4.95-4.95zM12 13a2 2 0 1 1 0-4 2 2 0 0 1 0 4z\"><\/path><\/g><\/svg> Online-Event                <\/div>\n\n                <h3>Nur noch 6 Monate: Sind Ihre Umweltaussagen EmpCo-sicher?<\/h3>\n\n                                    <p style=\"\" class=\"baum-description\">Am 27.09.2026 tritt die EmpCo-Richtlinie gegen Greenwashing in Kraft. Damit drohen Unternehmen k\u00fcnftig Abmahnungen und Bu\u00dfgelder in Millionenh\u00f6he. Informieren Sie sich in diesem praxisorientierten Webinar, wie Sie Ihre Aussagen rund&hellip;<\/p>\n                                \n                \n                    <div class=\"baum-event-org\">\n                                        <\/div>\n                    <div style=\"margin:1rem;\">\n                        <div class=\"btn-arrow\"><a href=\"\/event\/2026_04_16_nur-noch-6-monate-sind-ihre-umweltaussagen-empco-sicher\" title=\"Nur noch 6 Monate: Sind Ihre Umweltaussagen EmpCo-sicher?\"><img decoding=\"async\" src=\"\/wp-content\/uploads\/2025\/05\/pfeil.svg\"><\/a><\/div>\n                    <\/div>\n            <\/div>\n                    <div class=\"baum-event\">\n                <div style=\"font-size:1.5rem;margin: 1rem;font-weight:700;\">\n                    <time datetime=\"2026-07-07\">7. July <span class=\"bei_year\">2026<\/span><\/time>                <\/div>\n                <a href=\"\/event\/2026_07_07_digitaler-produktpass\">\n                                    <img decoding=\"async\" src=\"https:\/\/minio-api.kube.intuitive-ai.de\/baum\/580a46257c610c8bc547af128b478c5f_Webinar_Grafik_BAUM_Plattform_2026_7.7.2026_FINAL.jpg\" class=\"baum-event-img\" alt=\"Digitaler Produktpass\">\n                                <\/a>\n\n                <div class=\"baum-event-meta\">\n                                                    <span style=\"margin-right: 2rem;\"><svg viewBox=\"0 0 24 24\" focusable=\"false\" style=\"width:0.9rem;height:0.9rem;\"><g><path fill=\"none\" d=\"M0 0h24v24H0z\"><\/path><path fill=\"currentColor\" d=\"M12 22C6.477 22 2 17.523 2 12S6.477 2 12 2s10 4.477 10 10-4.477 10-10 10zm0-2a8 8 0 1 0 0-16 8 8 0 0 0 0 16zm1-8h4v2h-6V7h2v5z\"><\/path><\/g><\/svg> 10:30<\/span>\n                                                <svg viewBox=\"0 0 24 24\" focusable=\"false\" style=\"width:0.9rem;height:0.9rem;\"><g><path fill=\"none\" d=\"M0 0h24v24H0z\"><\/path><path fill=\"currentColor\" d=\"M12 23.728l-6.364-6.364a9 9 0 1 1 12.728 0L12 23.728zm4.95-7.778a7 7 0 1 0-9.9 0L12 20.9l4.95-4.95zM12 13a2 2 0 1 1 0-4 2 2 0 0 1 0 4z\"><\/path><\/g><\/svg> Online-Event                <\/div>\n\n                <h3>Digitaler Produktpass<\/h3>\n\n                                    <p style=\"\" class=\"baum-description\">Mit dem Digitalen Produktpass (DPP) schafft die EU ein zentrales Instrument f\u00fcr Transparenz, Kreislaufwirtschaft und nachhaltige Produkte.<\/p>\n                                \n                \n                    <div class=\"baum-event-org\">\n                                        <\/div>\n                    <div style=\"margin:1rem;\">\n                        <div class=\"btn-arrow\"><a href=\"\/event\/2026_07_07_digitaler-produktpass\" title=\"Digitaler Produktpass\"><img decoding=\"async\" src=\"\/wp-content\/uploads\/2025\/05\/pfeil.svg\"><\/a><\/div>\n                    <\/div>\n            <\/div>\n            <\/div>\n\n            \n    <a class=\"et_pb_button et_pb_button_1 et_pb_bg_layout_light\" href=\"\/veranstaltungskalender\/?bei_cat=Digitalisierung\">Weitere Events<\/a>\n    [\/et_pb_code][\/et_pb_column][\/et_pb_row][\/et_pb_section][et_pb_section fb_built=&#8221;1&#8243; admin_label=&#8221;Sektion \u00dcbersicht aller Zukunftsthemen&#8221; _builder_version=&#8221;4.27.4&#8243; _module_preset=&#8221;default&#8221; global_module=&#8221;664&#8243; saved_tabs=&#8221;all&#8221; global_colors_info=&#8221;{}&#8221;][et_pb_row _builder_version=&#8221;4.27.4&#8243; _module_preset=&#8221;default&#8221; global_colors_info=&#8221;{}&#8221;][et_pb_column type=&#8221;4_4&#8243; _builder_version=&#8221;4.27.4&#8243; _module_preset=&#8221;default&#8221; global_colors_info=&#8221;{}&#8221;][et_pb_text admin_label=&#8221;\u00dcbersicht aller Zukunftsthemen&#8221; _builder_version=&#8221;4.27.4&#8243; _module_preset=&#8221;27c67531-07ef-4567-972c-24395d09860e&#8221; link_font=&#8221;|600|||||||&#8221; global_colors_info=&#8221;{}&#8221;]<\/p>\n<p><a href=\"https:\/\/baumev.de\/en\/?page_id=18619\">\u2190 <u>Overview of all future matters<\/u><\/a><\/p>\n<p>[\/et_pb_text][\/et_pb_column][\/et_pb_row][\/et_pb_section][et_pb_section fb_built=&#8221;1&#8243; admin_label=&#8221;Sektion Kontakt&#8221; _builder_version=&#8221;4.27.4&#8243; _module_preset=&#8221;default&#8221; background_color=&#8221;#D5E739&#8243; global_colors_info=&#8221;{}&#8221;][et_pb_row _builder_version=&#8221;4.27.4&#8243; _module_preset=&#8221;default&#8221; global_colors_info=&#8221;{}&#8221;][et_pb_column type=&#8221;4_4&#8243; _builder_version=&#8221;4.27.4&#8243; _module_preset=&#8221;default&#8221; global_colors_info=&#8221;{}&#8221;][et_pb_text admin_label=&#8221;Kontakt&#8221; _builder_version=&#8221;4.27.4&#8243; _module_preset=&#8221;default&#8221; header_2_font_size=&#8221;32px&#8221; global_colors_info=&#8221;{}&#8221;]<\/p>\n<h2>Interested in collaborating?<\/h2>\n<p>Are you interested in a collaboration or a joint project? We look forward to exchanging ideas! <\/p>\n<p>[\/et_pb_text][\/et_pb_column][\/et_pb_row][et_pb_row column_structure=&#8221;1_2,1_2&#8243; _builder_version=&#8221;4.27.4&#8243; _module_preset=&#8221;default&#8221; global_colors_info=&#8221;{}&#8221;][et_pb_column type=&#8221;1_2&#8243; _builder_version=&#8221;4.27.4&#8243; _module_preset=&#8221;default&#8221; global_colors_info=&#8221;{}&#8221;][et_pb_text admin_label=&#8221;Kontakt Philip Mathies &#8221; _builder_version=&#8221;4.27.4&#8243; _module_preset=&#8221;default&#8221; header_2_font_size=&#8221;32px&#8221; custom_padding=&#8221;||0px||false|false&#8221; global_module=&#8221;4706&#8243; global_colors_info=&#8221;{}&#8221;]<\/p>\n<p><strong>Philip Mathies<\/strong><br \/>Projektmanager Digitaler BAUM und Referent Nachhaltiges Wirtschaften<br \/>Telefon +49 (0)40 49 07 11 01<br \/>philip.mathies@baumev.de<\/p>\n<p>[\/et_pb_text][\/et_pb_column][et_pb_column type=&#8221;1_2&#8243; _builder_version=&#8221;4.27.4&#8243; _module_preset=&#8221;default&#8221; global_colors_info=&#8221;{}&#8221;][et_pb_text admin_label=&#8221;Kontakt Yvonne Zwick&#8221; _builder_version=&#8221;4.27.4&#8243; _module_preset=&#8221;default&#8221; header_2_font_size=&#8221;32px&#8221; custom_padding=&#8221;||0px||false|false&#8221; global_module=&#8221;6089&#8243; saved_tabs=&#8221;all&#8221; global_colors_info=&#8221;{}&#8221;]<\/p>\n<p><strong>Yvonne Zwick<\/strong><br \/>Vorsitzende<br \/>Telefon +49 (0)40 49 07 11 20<br \/>yvonne.zwick@baumev.de<\/p>\n<p>[\/et_pb_text][\/et_pb_column][\/et_pb_row][\/et_pb_section]<\/p>\n","protected":false},"excerpt":{"rendered":"<p>[et_pb_section fb_built=&#8221;1&#8243; admin_label=&#8221;Zukunftsthema&#8221; module_class=&#8221;ellipse verlauf opener iconify&#8221; _builder_version=&#8221;4.27.4&#8243; _module_preset=&#8221;default&#8221; global_colors_info=&#8221;{}&#8221;][et_pb_row module_class=&#8221;ellipse&#8221; _builder_version=&#8221;4.27.4&#8243; _module_preset=&#8221;default&#8221; global_colors_info=&#8221;{}&#8221;][et_pb_column type=&#8221;4_4&#8243; _builder_version=&#8221;4.27.4&#8243; _module_preset=&#8221;default&#8221; global_colors_info=&#8221;{}&#8221;][et_pb_blurb image=&#8221;https:\/\/baumev.de\/wp-content\/uploads\/\/2025\/04\/digitalisierung.svg&#8221; _builder_version=&#8221;4.27.4&#8243; _module_preset=&#8221;default&#8221; global_colors_info=&#8221;{}&#8221;] Digitalisation BAUM positions digitalisation as the key to the sustainable transformation of the economy and society. [\/et_pb_blurb][\/et_pb_column][\/et_pb_row][\/et_pb_section][et_pb_section fb_built=&#8221;1&#8243; admin_label=&#8221;Teaser&#8221; _builder_version=&#8221;4.27.4&#8243; _module_preset=&#8221;default&#8221; global_colors_info=&#8221;{}&#8221;][et_pb_row column_structure=&#8221;2_5,3_5&#8243; _builder_version=&#8221;4.27.4&#8243; _module_preset=&#8221;default&#8221; global_colors_info=&#8221;{}&#8221;][et_pb_column type=&#8221;2_5&#8243; _builder_version=&#8221;4.27.4&#8243; _module_preset=&#8221;default&#8221; global_colors_info=&#8221;{}&#8221;][et_pb_image src=&#8221;https:\/\/baumev.de\/wp-content\/uploads\/2025\/08\/iStock-1637385979b.jpg&#8221; alt=&#8221;Engineering training [&hellip;]<\/p>\n","protected":false},"author":1,"featured_media":19867,"parent":0,"menu_order":55,"comment_status":"closed","ping_status":"closed","template":"","meta":{"_acf_changed":false,"_et_pb_use_builder":"on","_et_pb_old_content":"","_et_gb_content_width":"","inline_featured_image":false,"footnotes":""},"class_list":["post-19868","page","type-page","status-publish","has-post-thumbnail","hentry"],"acf":[],"yoast_head":"<!-- This site is optimized with the Yoast SEO plugin v27.2 - https:\/\/yoast.com\/product\/yoast-seo-wordpress\/ -->\n<title>Digitalisation - BAUM e.V.<\/title>\n<meta name=\"description\" content=\"As a business association for environmental management, BAUM is turning digitalisation into an opportunity for the sustainable transformation of the economy and society.\" \/>\n<meta name=\"robots\" content=\"index, follow, max-snippet:-1, max-image-preview:large, max-video-preview:-1\" \/>\n<link rel=\"canonical\" href=\"https:\/\/baumev.de\/en\/digitalisierung\/\" \/>\n<meta property=\"og:locale\" content=\"en_GB\" \/>\n<meta property=\"og:type\" content=\"article\" \/>\n<meta property=\"og:title\" content=\"Digitalisation - BAUM e.V.\" \/>\n<meta property=\"og:description\" content=\"As a business association for environmental management, BAUM is turning digitalisation into an opportunity for the sustainable transformation of the economy and society.\" \/>\n<meta property=\"og:url\" content=\"https:\/\/baumev.de\/en\/digitalisierung\/\" \/>\n<meta property=\"og:site_name\" content=\"BAUM e.V.\" \/>\n<meta property=\"article:modified_time\" content=\"2026-04-14T09:41:38+00:00\" \/>\n<meta property=\"og:image\" content=\"https:\/\/baumev.de\/wp-content\/uploads\/2025\/08\/iStock-1637385979b.jpg\" \/>\n\t<meta property=\"og:image:width\" content=\"2000\" \/>\n\t<meta property=\"og:image:height\" content=\"1333\" \/>\n\t<meta property=\"og:image:type\" content=\"image\/jpeg\" \/>\n<meta name=\"twitter:card\" content=\"summary_large_image\" \/>\n<meta name=\"twitter:label1\" content=\"Estimated reading time\" \/>\n\t<meta name=\"twitter:data1\" content=\"5 minutes\" \/>\n<script type=\"application\/ld+json\" class=\"yoast-schema-graph\">{\"@context\":\"https:\/\/schema.org\",\"@graph\":[{\"@type\":\"WebPage\",\"@id\":\"https:\/\/baumev.de\/en\/digitalisierung\/\",\"url\":\"https:\/\/baumev.de\/en\/digitalisierung\/\",\"name\":\"Digitalisation - BAUM e.V.\",\"isPartOf\":{\"@id\":\"\/#website\"},\"primaryImageOfPage\":{\"@id\":\"https:\/\/baumev.de\/en\/digitalisierung\/#primaryimage\"},\"image\":{\"@id\":\"https:\/\/baumev.de\/en\/digitalisierung\/#primaryimage\"},\"thumbnailUrl\":\"https:\/\/baumev.de\/wp-content\/uploads\/2025\/08\/iStock-1637385979b.jpg\",\"datePublished\":\"2025-05-20T10:23:46+00:00\",\"dateModified\":\"2026-04-14T09:41:38+00:00\",\"description\":\"As a business association for environmental management, BAUM is turning digitalisation into an opportunity for the sustainable transformation of the economy and society.\",\"breadcrumb\":{\"@id\":\"https:\/\/baumev.de\/en\/digitalisierung\/#breadcrumb\"},\"inLanguage\":\"en-GB\",\"potentialAction\":[{\"@type\":\"ReadAction\",\"target\":[\"https:\/\/baumev.de\/en\/digitalisierung\/\"]}]},{\"@type\":\"ImageObject\",\"inLanguage\":\"en-GB\",\"@id\":\"https:\/\/baumev.de\/en\/digitalisierung\/#primaryimage\",\"url\":\"https:\/\/baumev.de\/wp-content\/uploads\/2025\/08\/iStock-1637385979b.jpg\",\"contentUrl\":\"https:\/\/baumev.de\/wp-content\/uploads\/2025\/08\/iStock-1637385979b.jpg\",\"width\":2000,\"height\":1333,\"caption\":\"Engineering training with robotic arm\"},{\"@type\":\"BreadcrumbList\",\"@id\":\"https:\/\/baumev.de\/en\/digitalisierung\/#breadcrumb\",\"itemListElement\":[{\"@type\":\"ListItem\",\"position\":1,\"name\":\"Startseite\",\"item\":\"https:\/\/baumev.de\/en\/\"},{\"@type\":\"ListItem\",\"position\":2,\"name\":\"Digitalisation\"}]},{\"@type\":\"WebSite\",\"@id\":\"\/#website\",\"url\":\"\/\",\"name\":\"BAUM e.V.\",\"description\":\"BAUM e.V. \u2013 Netzwerk f\u00fcr nachhaltiges Wirtschaften\",\"publisher\":{\"@id\":\"\/#organization\"},\"potentialAction\":[{\"@type\":\"SearchAction\",\"target\":{\"@type\":\"EntryPoint\",\"urlTemplate\":\"\/?s={search_term_string}\"},\"query-input\":{\"@type\":\"PropertyValueSpecification\",\"valueRequired\":true,\"valueName\":\"search_term_string\"}}],\"inLanguage\":\"en-GB\"},{\"@type\":\"Organization\",\"@id\":\"\/#organization\",\"name\":\"BAUM e.V.\",\"alternateName\":\"Bundesdeutscher Arbeitskreis f\u00fcr Umweltbewusstes Management\",\"url\":\"\/\",\"logo\":{\"@type\":\"ImageObject\",\"inLanguage\":\"en-GB\",\"@id\":\"\/#\/schema\/logo\/image\/\",\"url\":\"https:\/\/baumev.de\/wp-content\/uploads\/2025\/04\/Element-1.svg\",\"contentUrl\":\"https:\/\/baumev.de\/wp-content\/uploads\/2025\/04\/Element-1.svg\",\"width\":\"1024\",\"height\":\"1024\",\"caption\":\"BAUM e.V.\"},\"image\":{\"@id\":\"\/#\/schema\/logo\/image\/\"},\"sameAs\":[\"https:\/\/www.linkedin.com\/company\/baum-ev\"]}]}<\/script>\n<!-- \/ Yoast SEO plugin. -->","yoast_head_json":{"title":"Digitalisation - BAUM e.V.","description":"As a business association for environmental management, BAUM is turning digitalisation into an opportunity for the sustainable transformation of the economy and society.","robots":{"index":"index","follow":"follow","max-snippet":"max-snippet:-1","max-image-preview":"max-image-preview:large","max-video-preview":"max-video-preview:-1"},"canonical":"https:\/\/baumev.de\/en\/digitalisierung\/","og_locale":"en_GB","og_type":"article","og_title":"Digitalisation - BAUM e.V.","og_description":"As a business association for environmental management, BAUM is turning digitalisation into an opportunity for the sustainable transformation of the economy and society.","og_url":"https:\/\/baumev.de\/en\/digitalisierung\/","og_site_name":"BAUM e.V.","article_modified_time":"2026-04-14T09:41:38+00:00","og_image":[{"width":2000,"height":1333,"url":"https:\/\/baumev.de\/wp-content\/uploads\/2025\/08\/iStock-1637385979b.jpg","type":"image\/jpeg"}],"twitter_card":"summary_large_image","twitter_misc":{"Estimated reading time":"5 minutes"},"schema":{"@context":"https:\/\/schema.org","@graph":[{"@type":"WebPage","@id":"https:\/\/baumev.de\/en\/digitalisierung\/","url":"https:\/\/baumev.de\/en\/digitalisierung\/","name":"Digitalisation - BAUM e.V.","isPartOf":{"@id":"\/#website"},"primaryImageOfPage":{"@id":"https:\/\/baumev.de\/en\/digitalisierung\/#primaryimage"},"image":{"@id":"https:\/\/baumev.de\/en\/digitalisierung\/#primaryimage"},"thumbnailUrl":"https:\/\/baumev.de\/wp-content\/uploads\/2025\/08\/iStock-1637385979b.jpg","datePublished":"2025-05-20T10:23:46+00:00","dateModified":"2026-04-14T09:41:38+00:00","description":"As a business association for environmental management, BAUM is turning digitalisation into an opportunity for the sustainable transformation of the economy and society.","breadcrumb":{"@id":"https:\/\/baumev.de\/en\/digitalisierung\/#breadcrumb"},"inLanguage":"en-GB","potentialAction":[{"@type":"ReadAction","target":["https:\/\/baumev.de\/en\/digitalisierung\/"]}]},{"@type":"ImageObject","inLanguage":"en-GB","@id":"https:\/\/baumev.de\/en\/digitalisierung\/#primaryimage","url":"https:\/\/baumev.de\/wp-content\/uploads\/2025\/08\/iStock-1637385979b.jpg","contentUrl":"https:\/\/baumev.de\/wp-content\/uploads\/2025\/08\/iStock-1637385979b.jpg","width":2000,"height":1333,"caption":"Engineering training with robotic arm"},{"@type":"BreadcrumbList","@id":"https:\/\/baumev.de\/en\/digitalisierung\/#breadcrumb","itemListElement":[{"@type":"ListItem","position":1,"name":"Startseite","item":"https:\/\/baumev.de\/en\/"},{"@type":"ListItem","position":2,"name":"Digitalisation"}]},{"@type":"WebSite","@id":"\/#website","url":"\/","name":"BAUM e.V.","description":"BAUM e.V. \u2013 Netzwerk f\u00fcr nachhaltiges Wirtschaften","publisher":{"@id":"\/#organization"},"potentialAction":[{"@type":"SearchAction","target":{"@type":"EntryPoint","urlTemplate":"\/?s={search_term_string}"},"query-input":{"@type":"PropertyValueSpecification","valueRequired":true,"valueName":"search_term_string"}}],"inLanguage":"en-GB"},{"@type":"Organization","@id":"\/#organization","name":"BAUM e.V.","alternateName":"Bundesdeutscher Arbeitskreis f\u00fcr Umweltbewusstes Management","url":"\/","logo":{"@type":"ImageObject","inLanguage":"en-GB","@id":"\/#\/schema\/logo\/image\/","url":"https:\/\/baumev.de\/wp-content\/uploads\/2025\/04\/Element-1.svg","contentUrl":"https:\/\/baumev.de\/wp-content\/uploads\/2025\/04\/Element-1.svg","width":"1024","height":"1024","caption":"BAUM e.V."},"image":{"@id":"\/#\/schema\/logo\/image\/"},"sameAs":["https:\/\/www.linkedin.com\/company\/baum-ev"]}]}},"_links":{"self":[{"href":"https:\/\/baumev.de\/en\/wp-json\/wp\/v2\/pages\/19868","targetHints":{"allow":["GET"]}}],"collection":[{"href":"https:\/\/baumev.de\/en\/wp-json\/wp\/v2\/pages"}],"about":[{"href":"https:\/\/baumev.de\/en\/wp-json\/wp\/v2\/types\/page"}],"author":[{"embeddable":true,"href":"https:\/\/baumev.de\/en\/wp-json\/wp\/v2\/users\/1"}],"replies":[{"embeddable":true,"href":"https:\/\/baumev.de\/en\/wp-json\/wp\/v2\/comments?post=19868"}],"version-history":[{"count":5,"href":"https:\/\/baumev.de\/en\/wp-json\/wp\/v2\/pages\/19868\/revisions"}],"predecessor-version":[{"id":19877,"href":"https:\/\/baumev.de\/en\/wp-json\/wp\/v2\/pages\/19868\/revisions\/19877"}],"wp:featuredmedia":[{"embeddable":true,"href":"https:\/\/baumev.de\/en\/wp-json\/wp\/v2\/media\/19867"}],"wp:attachment":[{"href":"https:\/\/baumev.de\/en\/wp-json\/wp\/v2\/media?parent=19868"}],"curies":[{"name":"wp","href":"https:\/\/api.w.org\/{rel}","templated":true}]}}